{"id":1714,"date":"2014-01-10T11:24:06","date_gmt":"2014-01-10T11:24:06","guid":{"rendered":"https:\/\/paolillo.wpengine.com\/servizi-2\/"},"modified":"2015-02-06T08:28:41","modified_gmt":"2015-02-06T08:28:41","slug":"servizi","status":"publish","type":"page","link":"https:\/\/materieplastichepaolillo.com\/fr\/servizi\/","title":{"rendered":"Services"},"content":{"rendered":"<h2 style=\"text-align: center;\">Materie Plastiche Paolillo met ses solides comp\u00e9tences \u00e0 votre service afin de vous offrir la meilleure solution pour vos projets<\/h2>\n<div class=\"hr hr3\" style='margin:40px 0 40px 0 !important;'><\/div>\n<div class=\"one_third\">\n<div class=\"retinaiconbox\"><span class=\"retinaicon-wrench\"  style=\"background-color: transparent; color: #e11728;\"><\/span><\/p>\n<h3>Manufacture<\/h3>\n<\/div>\n<p>Nous vous offrons un travail de pr\u00e9cision pour diff\u00e9rents services: d\u00e9coupage et transformations, assemblage de diff\u00e9rents mat\u00e9riaux: m\u00e9thacrylate (plexiglass), bois, r\u00e9sine, vitre r\u00e9sine, polystyr\u00e8ne, fer.<\/p><\/div>\n<div class=\"one_third\">\n<div class=\"retinaiconbox\"><span class=\"retinaicon-magic\"  style=\"background-color: transparent; color: #e11728;\"><\/span><\/p>\n<h3>Polissage Plexiglass<\/h3>\n<\/div>\n<p>Pour rajeunir le m\u00e9thacrylate nous pouvons \u00e9liminer des griffes de surface des tables, chaises, lumi\u00e8res, pare-brises nautiques, meubles pour expositions et beaucoup d\u2019autres objets.<\/p><\/div>\n<div class=\"one_third last\">\n<div class=\"retinaiconbox\"><span class=\"retinaicon-check\"  style=\"background-color: transparent; color: #e11728;\"><\/span><\/p>\n<h3>Restauration<\/h3>\n<\/div>\n<p>Nous restaurons objets et d\u00e9corations en m\u00e9thacrylate, plexiglass des ann\u00e9es \u201970, \u201980 et \u201990, en substituant les parties endommag\u00e9es et retrouver le charme d\u2019origine. <a title=\"contattaci\" href=\"https:\/\/materieplastichepaolillo.com\/contattaci\/\" target=\"_blank\">Demandez un devis!<\/a>.<\/div>\n<div class=\"clear\"><\/div>\n<div class=\"hr hr1\" style='margin:40px 0 40px 0 !important;'><\/div>\n<h1 style=\"text-align: center;\">Domaines d\u2019intervention<strong style=\"font-size: 14px; line-height: 1.5em;\"><\/p>\n<p><\/strong><\/h1>\n<div class=\"one_third\">\n<ul>\n<li>D\u00e9corations liturgiques<\/li>\n<li><a href=\"\/?p=971\" target=\"_blank\">Decorations et finitions<\/a><\/li>\n<li>Pi\u00e8ces d\u2019arts et sculptures<\/li>\n<li><a href=\"\/?p=117\" target=\"_blank\">Bijouterie et mode<\/a><\/li>\n<li>Competitions automobiles<\/li>\n<\/ul>\n<\/div>\n<div class=\"one_third\">\n<ul>\n<li>Design<\/li>\n<li>Illuminations<\/li>\n<li>Secteur industriel<\/li>\n<li>Secteur medicale<\/li>\n<li>Maquettes<\/li>\n<\/ul>\n<\/div>\n<div class=\"one_third last\">\n<ul>\n<li>Secteur nautique<\/li>\n<li>Realisation de prototypes<\/li>\n<li>Publicit\u00e9<\/li>\n<li>Troph\u00e9s, prix et reconnaissances.<\/li>\n<\/ul>\n<\/div>\n<div class=\"clear\"><\/div>\n","protected":false},"excerpt":{"rendered":"<p>Materie Plastiche Paolillo met ses solides comp\u00e9tences \u00e0 votre service afin de vous offrir la meilleure solution pour vos projets Manufacture Nous vous offrons un travail de pr\u00e9cision pour diff\u00e9rents [&hellip;]<\/p>\n","protected":false},"author":1,"featured_media":0,"parent":0,"menu_order":0,"comment_status":"closed","ping_status":"closed","template":"page-fullwidth.php","meta":{"footnotes":""},"class_list":["post-1714","page","type-page","status-publish","hentry"],"yoast_head":"<!-- This site is optimized with the Yoast SEO plugin v26.8 - https:\/\/yoast.com\/product\/yoast-seo-wordpress\/ -->\n<title>Services - Lavorazione Plexiglass, Policarbonato Compatto e Alveolare a Milano - M. Paolillo<\/title>\n<meta name=\"robots\" content=\"index, follow, max-snippet:-1, max-image-preview:large, max-video-preview:-1\" \/>\n<link rel=\"canonical\" href=\"https:\/\/materieplastichepaolillo.com\/fr\/servizi\/\" \/>\n<meta property=\"og:locale\" content=\"fr_FR\" \/>\n<meta property=\"og:type\" content=\"article\" \/>\n<meta property=\"og:title\" content=\"Services - Lavorazione Plexiglass, Policarbonato Compatto e Alveolare a Milano - M. Paolillo\" \/>\n<meta property=\"og:description\" content=\"Materie Plastiche Paolillo met ses solides comp\u00e9tences \u00e0 votre service afin de vous offrir la meilleure solution pour vos projets Manufacture Nous vous offrons un travail de pr\u00e9cision pour diff\u00e9rents [&hellip;]\" \/>\n<meta property=\"og:url\" content=\"https:\/\/materieplastichepaolillo.com\/fr\/servizi\/\" \/>\n<meta property=\"og:site_name\" content=\"Lavorazione Plexiglass, Policarbonato Compatto e Alveolare a Milano - M. Paolillo\" \/>\n<meta property=\"article:modified_time\" content=\"2015-02-06T08:28:41+00:00\" \/>\n<meta name=\"twitter:card\" content=\"summary_large_image\" \/>\n<meta name=\"twitter:label1\" content=\"Dur\u00e9e de lecture estim\u00e9e\" \/>\n\t<meta name=\"twitter:data1\" content=\"1 minute\" \/>\n<script type=\"application\/ld+json\" class=\"yoast-schema-graph\">{\"@context\":\"https:\/\/schema.org\",\"@graph\":[{\"@type\":\"WebPage\",\"@id\":\"https:\/\/materieplastichepaolillo.com\/fr\/servizi\/\",\"url\":\"https:\/\/materieplastichepaolillo.com\/fr\/servizi\/\",\"name\":\"Services - Lavorazione Plexiglass, Policarbonato Compatto e Alveolare a Milano - M. Paolillo\",\"isPartOf\":{\"@id\":\"https:\/\/materieplastichepaolillo.com\/#website\"},\"datePublished\":\"2014-01-10T11:24:06+00:00\",\"dateModified\":\"2015-02-06T08:28:41+00:00\",\"breadcrumb\":{\"@id\":\"https:\/\/materieplastichepaolillo.com\/fr\/servizi\/#breadcrumb\"},\"inLanguage\":\"fr-FR\",\"potentialAction\":[{\"@type\":\"ReadAction\",\"target\":[\"https:\/\/materieplastichepaolillo.com\/fr\/servizi\/\"]}]},{\"@type\":\"BreadcrumbList\",\"@id\":\"https:\/\/materieplastichepaolillo.com\/fr\/servizi\/#breadcrumb\",\"itemListElement\":[{\"@type\":\"ListItem\",\"position\":1,\"name\":\"Home\",\"item\":\"https:\/\/materieplastichepaolillo.com\/fr\/\"},{\"@type\":\"ListItem\",\"position\":2,\"name\":\"Services\"}]},{\"@type\":\"WebSite\",\"@id\":\"https:\/\/materieplastichepaolillo.com\/#website\",\"url\":\"https:\/\/materieplastichepaolillo.com\/\",\"name\":\"Lavorazione Plexiglass, Policarbonato Compatto e Alveolare a Milano - M. Paolillo\",\"description\":\"Lavorazione materie plastiche. Metacrilato, plexiglass, PVC, policarbonato, nylon, delrin, polietilene, polipropilene. Taglio fresa, taglio laser. Stampa digitale UV in quadricromia.\",\"potentialAction\":[{\"@type\":\"SearchAction\",\"target\":{\"@type\":\"EntryPoint\",\"urlTemplate\":\"https:\/\/materieplastichepaolillo.com\/?s={search_term_string}\"},\"query-input\":{\"@type\":\"PropertyValueSpecification\",\"valueRequired\":true,\"valueName\":\"search_term_string\"}}],\"inLanguage\":\"fr-FR\"}]}<\/script>\n<!-- \/ Yoast SEO plugin. -->","yoast_head_json":{"title":"Services - Lavorazione Plexiglass, Policarbonato Compatto e Alveolare a Milano - M. Paolillo","robots":{"index":"index","follow":"follow","max-snippet":"max-snippet:-1","max-image-preview":"max-image-preview:large","max-video-preview":"max-video-preview:-1"},"canonical":"https:\/\/materieplastichepaolillo.com\/fr\/servizi\/","og_locale":"fr_FR","og_type":"article","og_title":"Services - Lavorazione Plexiglass, Policarbonato Compatto e Alveolare a Milano - M. Paolillo","og_description":"Materie Plastiche Paolillo met ses solides comp\u00e9tences \u00e0 votre service afin de vous offrir la meilleure solution pour vos projets Manufacture Nous vous offrons un travail de pr\u00e9cision pour diff\u00e9rents [&hellip;]","og_url":"https:\/\/materieplastichepaolillo.com\/fr\/servizi\/","og_site_name":"Lavorazione Plexiglass, Policarbonato Compatto e Alveolare a Milano - M. Paolillo","article_modified_time":"2015-02-06T08:28:41+00:00","twitter_card":"summary_large_image","twitter_misc":{"Dur\u00e9e de lecture estim\u00e9e":"1 minute"},"schema":{"@context":"https:\/\/schema.org","@graph":[{"@type":"WebPage","@id":"https:\/\/materieplastichepaolillo.com\/fr\/servizi\/","url":"https:\/\/materieplastichepaolillo.com\/fr\/servizi\/","name":"Services - Lavorazione Plexiglass, Policarbonato Compatto e Alveolare a Milano - M. Paolillo","isPartOf":{"@id":"https:\/\/materieplastichepaolillo.com\/#website"},"datePublished":"2014-01-10T11:24:06+00:00","dateModified":"2015-02-06T08:28:41+00:00","breadcrumb":{"@id":"https:\/\/materieplastichepaolillo.com\/fr\/servizi\/#breadcrumb"},"inLanguage":"fr-FR","potentialAction":[{"@type":"ReadAction","target":["https:\/\/materieplastichepaolillo.com\/fr\/servizi\/"]}]},{"@type":"BreadcrumbList","@id":"https:\/\/materieplastichepaolillo.com\/fr\/servizi\/#breadcrumb","itemListElement":[{"@type":"ListItem","position":1,"name":"Home","item":"https:\/\/materieplastichepaolillo.com\/fr\/"},{"@type":"ListItem","position":2,"name":"Services"}]},{"@type":"WebSite","@id":"https:\/\/materieplastichepaolillo.com\/#website","url":"https:\/\/materieplastichepaolillo.com\/","name":"Lavorazione Plexiglass, Policarbonato Compatto e Alveolare a Milano - M. Paolillo","description":"Lavorazione materie plastiche. Metacrilato, plexiglass, PVC, policarbonato, nylon, delrin, polietilene, polipropilene. Taglio fresa, taglio laser. Stampa digitale UV in quadricromia.","potentialAction":[{"@type":"SearchAction","target":{"@type":"EntryPoint","urlTemplate":"https:\/\/materieplastichepaolillo.com\/?s={search_term_string}"},"query-input":{"@type":"PropertyValueSpecification","valueRequired":true,"valueName":"search_term_string"}}],"inLanguage":"fr-FR"}]}},"_links":{"self":[{"href":"https:\/\/materieplastichepaolillo.com\/fr\/wp-json\/wp\/v2\/pages\/1714","targetHints":{"allow":["GET"]}}],"collection":[{"href":"https:\/\/materieplastichepaolillo.com\/fr\/wp-json\/wp\/v2\/pages"}],"about":[{"href":"https:\/\/materieplastichepaolillo.com\/fr\/wp-json\/wp\/v2\/types\/page"}],"author":[{"embeddable":true,"href":"https:\/\/materieplastichepaolillo.com\/fr\/wp-json\/wp\/v2\/users\/1"}],"replies":[{"embeddable":true,"href":"https:\/\/materieplastichepaolillo.com\/fr\/wp-json\/wp\/v2\/comments?post=1714"}],"version-history":[{"count":0,"href":"https:\/\/materieplastichepaolillo.com\/fr\/wp-json\/wp\/v2\/pages\/1714\/revisions"}],"wp:attachment":[{"href":"https:\/\/materieplastichepaolillo.com\/fr\/wp-json\/wp\/v2\/media?parent=1714"}],"curies":[{"name":"wp","href":"https:\/\/api.w.org\/{rel}","templated":true}]}}